{"id":474,"date":"2024-12-04T11:02:09","date_gmt":"2024-12-04T10:02:09","guid":{"rendered":"https:\/\/www.parasitefree.pet\/cookie-policy\/"},"modified":"2025-01-17T11:11:31","modified_gmt":"2025-01-17T10:11:31","slug":"politica-de-cookies","status":"publish","type":"page","link":"https:\/\/www.parasitefree.pet\/es\/politica-de-cookies\/","title":{"rendered":"Pol\u00edtica de cookies"},"content":{"rendered":"\n<p><strong>INDUSTRIAL VETERINARIA, S.A. una compa\u00f1\u00eda del Grupo LIVISTO, ha desarrollado esta pol\u00edtica para informarle de qu\u00e9 es una cookie, cu\u00e1les usamos en esta web y ayudarle a poder gestionarlas seg\u00fan sea de su inter\u00e9s.<\/strong><\/p>\n\n\n\n<p>Con su visita a nuestra web est\u00e1 siendo informado de la existencia de cookies y de la presente pol\u00edtica de cookies. Con la aceptaci\u00f3n de la pol\u00edtica de cookies,&nbsp;est\u00e1 consintiendo la instalaci\u00f3n de las cookies&nbsp;informadas (salvo que haya modificado la configuraci\u00f3n de su navegador para rechazar cookies).<\/p>\n\n\n\n<p>Una \u201cCookie\u201d es un peque\u00f1o archivo de texto que un sitio web almacena en el&nbsp;navegador del usuario. Las cookies facilitan el uso y la navegaci\u00f3n por una p\u00e1gina web y son esenciales para el funcionamiento de internet, aportando innumerables ventajas en la prestaci\u00f3n de servicios interactivos.<\/p>\n\n\n\n<p>Las cookies se utilizan por ejemplo para gestionar la sesi\u00f3n del usuario (reduciendo el n\u00famero de veces que tiene que incluir su contrase\u00f1a) o para adecuar los contenidos de una p\u00e1gina web a sus preferencias. Las cookies pueden ser de \u201csesi\u00f3n\u201d, por lo que se borrar\u00e1n una vez el usuario abandone la p\u00e1gina web que las gener\u00f3, o \u201cpersistentes\u201d, que permanecen en su ordenador hasta una fecha determinada.<\/p>\n\n\n\n<p>Este documento de \u201cUso de Cookies\u201d ha sido elaborado a partir de una auditor\u00eda t\u00e9cnica externa estando, por tanto, sujeto a actualizaciones peri\u00f3dicas. Su prop\u00f3sito es ayudarle a comprender el uso que la presente p\u00e1gina web hace de las cookies, la finalidad de las cookies utilizadas, as\u00ed como de las opciones que el usuario tiene a su disposici\u00f3n para gestionarlas.<\/p>\n\n\n\n<p>La aceptaci\u00f3n de esta pol\u00edtica de cookies y con la funcionalidad de su navegador habilitada para aceptar las mismas, implica la aceptaci\u00f3n por parte del usuario de la tecnolog\u00eda cookie utilizada por este website.<br><\/p>\n\n\n\n<p><strong>Ejemplos de Tipo de cookies:<\/strong><\/p>\n\n\n\n<p><strong>Cookies t\u00e9cnicas o de uso interno<\/strong><\/p>\n\n\n\n<p>Son&nbsp;<em>cookies t\u00e9cnicas o de uso interno,<\/em>&nbsp;las&nbsp;imprescindibles para el funcionamiento de una web, como, por ejemplo, aquellas que permiten la autenticaci\u00f3n o el mantenimiento de la sesi\u00f3n del usuario registrado cuando navega por la p\u00e1gina. La desactivaci\u00f3n de estas cookies impide el funcionamiento correcto de algunas de las funcionalidades de la web.<\/p>\n\n\n\n<p><strong>Cookies Anal\u00edticas<\/strong><\/p>\n\n\n\n<p>Son&nbsp;<em>cookies anal\u00edticas,&nbsp;<\/em>aquellas que sirven para recabar estad\u00edsticas sobre la actividad del usuario en la web y la actividad general de la misma. La informaci\u00f3n recopilada es an\u00f3nima y permite optimizar la navegaci\u00f3n de una p\u00e1gina web y garantizar el mejor servicio al usuario. El usuario puede excluir su actividad mediante los sistemas de exclusi\u00f3n facilitados por las herramientas anal\u00edticas.<\/p>\n\n\n\n<p><strong>Cookies de terceros para la gesti\u00f3n de espacios publicitarios<\/strong><\/p>\n\n\n\n<p>Son cookies almacenadas por terceras partes que gestionan los espacios publicitarios que los usuarios visualizan al acceder a esta web. Estas cookies permiten medir la efectividad de campa\u00f1as online, proporcionar al usuario informaci\u00f3n de su inter\u00e9s y ofrecerle contenidos publicitarios de su preferencia. De conformidad con sus propias pol\u00edticas, algunos gestores de publicidad pueden utilizar las cookies an\u00f3nimas para mostrar anuncios de su inter\u00e9s cuando visite otras p\u00e1ginas web. No obstante, los usuarios pueden gestionar la aceptaci\u00f3n o no de dichas cookies mediante la configuraci\u00f3n de su navegador.<\/p>\n\n\n\n<p><strong>Garant\u00edas y opciones sobre las cookies<\/strong><\/p>\n\n\n\n<p>Por medio de la configuraci\u00f3n de su navegador, el usuario tiene la posibilidad de aceptar o rechazar la instalaci\u00f3n de cookies, o bien rechazar la instalaci\u00f3n de un determinado tipo de cookies, como las cookies de publicidad y de terceros. Adem\u00e1s, despu\u00e9s de cada sesi\u00f3n puede eliminar todas o algunas de las cookies almacenadas.<\/p>\n\n\n\n<p>Asimismo, el usuario puede activar:<\/p>\n\n\n\n<p>\u2013 La navegaci\u00f3n privada, mediante la cual su navegador deja de guardar el historial de navegaci\u00f3n, contrase\u00f1as de sitios web, cookies y otra informaci\u00f3n de las p\u00e1ginas que visita, o<\/p>\n\n\n\n<p>\u2013 la funci\u00f3n de no rastrear, por la que el navegador pide a los sitios web que visita que no rastreen sus h\u00e1bitos de navegaci\u00f3n para, por ejemplo, servirle publicidad de su inter\u00e9s en los sitios que visita.<\/p>\n\n\n\n<p>Le recomendamos que consulte la ayuda de su navegador para informarse de las diferentes opciones sobre c\u00f3mo gestionar las cookies.&nbsp;<strong>Tenga en cuenta que el bloqueo de cookies puede afectar a todas o algunas de las funcionalidades de nuestra web<\/strong>. Incluso, puede ocurrir que al NO ACEPTAR las cookies t\u00e9cnicas\/internas, no pueda acceder a nuestro website.<\/p>\n\n\n\n<p><strong>Cookies utilizadas en esta Web:<\/strong><\/p>\n\n\n<p>[cookie_audit]<\/p>\n\n\n\n<p><strong>Redes Sociales:<\/strong><\/p>\n\n\n\n<p>Cookies de complementos externos de contenidos y Cookies usadas por redes sociales:<\/p>\n\n\n\n<p>En otros sitios que no pertenecen a&nbsp;<strong>LIVISTO&nbsp;<\/strong>se instalan cookies de terceros a todos sus visitantes, aunque no sean usuarios registrados en las correspondientes plataformas:<\/p>\n\n\n\n<ul class=\"wp-block-list\">\n<li><strong>LIVISTO\u00a0<\/strong>en\u00a0<strong>Twitter<\/strong>. Sus finalidades est\u00e1n descritas en la P\u00e1gina de Cookies de\u00a0<strong>Twitter<\/strong>:\u00a0<a href=\"https:\/\/support.twitter.com\/articles\/20170521-el-uso-que-hace-twitter-de-cookies-y-tecnologias-similares\" class=\"broken_link\">https:\/\/support.twitter.com\/articles\/20170521-el-uso-que-hace-twitter-de-cookies-y-tecnologias-similares<\/a><\/li>\n\n\n\n<li><strong>LIVISTO\u00a0<\/strong>en\u00a0<strong>Facebook<\/strong>. Sus finalidades est\u00e1n descritas en la P\u00e1gina de Cookies de\u00a0<strong>Facebook<\/strong>:\u00a0<a href=\"https:\/\/es-es.facebook.com\/help\/cookies\/\">https:\/\/es-es.facebook.com\/help\/cookies\/<\/a><\/li>\n\n\n\n<li><strong>LIVISTO\u00a0<\/strong>en\u00a0<strong>LinkedIn<\/strong>. Sus finalidades est\u00e1n descritas en la P\u00e1gina de Cookies de\u00a0<strong>LinkedIn<\/strong>:\u00a0<a href=\"https:\/\/www.linkedin.com\/legal\/cookie-policy?trk=organization-guest_footer-cookie-policy\">https:\/\/www.linkedin.com\/legal\/cookie-policy?trk=organization-guest_footer-cookie-policy<\/a><\/li>\n\n\n\n<li><strong>LIVISTO\u00a0<\/strong>en\u00a0<strong>YouTube<\/strong>. Sus finalidades est\u00e1n descritas en la P\u00e1gina de Cookies de\u00a0<strong>YouTube<\/strong>:\u00a0<a href=\"https:\/\/www.google.es\/intl\/es\/policies\/privacy\/key-terms\/#toc-terms-cookie\">https:\/\/www.google.es\/intl\/es\/policies\/privacy\/key-terms\/#toc-terms-cookie<\/a><\/li>\n\n\n\n<li><strong>LIVISTO\u00a0<\/strong>en\u00a0<strong>Instagram.\u00a0<\/strong>Sus finalidades est\u00e1n descritas en la P\u00e1gina de Cookies de<strong>\u00a0Instagram:\u00a0<\/strong><a href=\"https:\/\/help.instagram.com\/1896641480634370?ref=ig\">https:\/\/help.instagram.com\/1896641480634370?ref=ig<\/a><\/li>\n<\/ul>\n\n\n\n<p><strong>Esta informaci\u00f3n la utilizamos para mejorar nuestra p\u00e1gina<\/strong>, detectar nuevas necesidades y valorar las mejoras a introducir con la finalidad de prestar un mejor servicio a los usuarios que nos visitan.<\/p>\n\n\n\n<p><strong>Para permitir, conocer, bloquear o eliminar las cookies instaladas en tu equipo puedes hacerlo mediante la configuraci\u00f3n de las opciones del navegador instalado en su ordenador<\/strong>.<\/p>\n\n\n\n<p>Por ejemplo, puedes encontrar informaci\u00f3n sobre c\u00f3mo hacerlo en el caso que uses alguno de estos navegadores:<\/p>\n\n\n\n<p>Firefox desde aqu\u00ed:<\/p>\n\n\n\n<p><a href=\"http:\/\/support.mozilla.org\/es\/kb\/habilitar-y-deshabilitar-cookies-que-los-sitios-we\">http:\/\/support.mozilla.org\/es\/kb\/habilitar-y-deshabilitar-cookies-que-los-sitios-we<\/a><\/p>\n\n\n\n<p>Chrome desde aqu\u00ed:<\/p>\n\n\n\n<p><a href=\"http:\/\/support.google.com\/chrome\/bin\/answer.py?hl=es&amp;answer=95647\">http:\/\/support.google.com\/chrome\/bin\/answer.py?hl=es&amp;answer=95647<\/a><\/p>\n\n\n\n<p>Explorer desde aqu\u00ed:<\/p>\n\n\n\n<figure class=\"wp-block-embed\"><div class=\"wp-block-embed__wrapper\">\nhttps:\/\/support.microsoft.com\/es-es\/help\/17442\/windows-internet-explorer-delete-manage-cookies\n<\/div><\/figure>\n\n\n\n<p>Safari desde aqu\u00ed:<\/p>\n\n\n\n<p><a href=\"http:\/\/support.apple.com\/kb\/ph5042\">http:\/\/support.apple.com\/kb\/ph5042<\/a><\/p>\n\n\n\n<p>Opera desde aqu\u00ed:<\/p>\n\n\n\n<p><a href=\"http:\/\/help.opera.com\/Windows\/11.50\/es-ES\/cookies.html\">http:\/\/help.opera.com\/Windows\/11.50\/es-ES\/cookies.html<\/a><\/p>\n","protected":false},"excerpt":{"rendered":"<p>INDUSTRIAL VETERINARIA, S.A. una compa\u00f1\u00eda del Grupo LIVISTO, ha desarrollado esta pol\u00edtica para informarle de qu\u00e9 es una cookie, cu\u00e1les usamos en esta web y ayudarle a poder gestionarlas seg\u00fan sea de su inter\u00e9s. Con su visita a nuestra web est\u00e1 siendo informado de la existencia de cookies y de la presente pol\u00edtica de cookies. [&hellip;]<\/p>\n","protected":false},"author":1,"featured_media":0,"parent":0,"menu_order":90,"comment_status":"closed","ping_status":"closed","template":"page-legal.php","meta":{"inline_featured_image":false,"footnotes":""},"class_list":["post-474","page","type-page","status-publish","hentry"],"acf":[],"yoast_head":"<!-- This site is optimized with the Yoast SEO plugin v24.5 - https:\/\/yoast.com\/wordpress\/plugins\/seo\/ -->\n<title>Pol\u00edtica de cookies - parasitefree.pet<\/title>\n<meta name=\"robots\" content=\"noindex, nofollow\" \/>\n<meta property=\"og:locale\" content=\"es_ES\" \/>\n<meta property=\"og:type\" content=\"article\" \/>\n<meta property=\"og:title\" content=\"Pol\u00edtica de cookies - parasitefree.pet\" \/>\n<meta property=\"og:description\" content=\"INDUSTRIAL VETERINARIA, S.A. una compa\u00f1\u00eda del Grupo LIVISTO, ha desarrollado esta pol\u00edtica para informarle de qu\u00e9 es una cookie, cu\u00e1les usamos en esta web y ayudarle a poder gestionarlas seg\u00fan sea de su inter\u00e9s. Con su visita a nuestra web est\u00e1 siendo informado de la existencia de cookies y de la presente pol\u00edtica de cookies. [&hellip;]\" \/>\n<meta property=\"og:url\" content=\"https:\/\/www.parasitefree.pet\/es\/politica-de-cookies\/\" \/>\n<meta property=\"og:site_name\" content=\"parasitefree.pet\" \/>\n<meta property=\"article:modified_time\" content=\"2025-01-17T10:11:31+00:00\" \/>\n<meta name=\"twitter:card\" content=\"summary_large_image\" \/>\n<meta name=\"twitter:label1\" content=\"Tiempo de lectura\" \/>\n\t<meta name=\"twitter:data1\" content=\"5 minutos\" \/>\n<script type=\"application\/ld+json\" class=\"yoast-schema-graph\">{\"@context\":\"https:\/\/schema.org\",\"@graph\":[{\"@type\":\"WebPage\",\"@id\":\"https:\/\/www.parasitefree.pet\/es\/politica-de-cookies\/\",\"url\":\"https:\/\/www.parasitefree.pet\/es\/politica-de-cookies\/\",\"name\":\"Pol\u00edtica de cookies - parasitefree.pet\",\"isPartOf\":{\"@id\":\"https:\/\/www.parasitefree.pet\/es\/#website\"},\"datePublished\":\"2024-12-04T10:02:09+00:00\",\"dateModified\":\"2025-01-17T10:11:31+00:00\",\"breadcrumb\":{\"@id\":\"https:\/\/www.parasitefree.pet\/es\/politica-de-cookies\/#breadcrumb\"},\"inLanguage\":\"es\",\"potentialAction\":[{\"@type\":\"ReadAction\",\"target\":[\"https:\/\/www.parasitefree.pet\/es\/politica-de-cookies\/\"]}]},{\"@type\":\"BreadcrumbList\",\"@id\":\"https:\/\/www.parasitefree.pet\/es\/politica-de-cookies\/#breadcrumb\",\"itemListElement\":[{\"@type\":\"ListItem\",\"position\":1,\"name\":\"Portada\",\"item\":\"https:\/\/www.parasitefree.pet\/es\/\"},{\"@type\":\"ListItem\",\"position\":2,\"name\":\"Pol\u00edtica de cookies\"}]},{\"@type\":\"WebSite\",\"@id\":\"https:\/\/www.parasitefree.pet\/es\/#website\",\"url\":\"https:\/\/www.parasitefree.pet\/es\/\",\"name\":\"parasitefree.pet\",\"description\":\"Parasites are a serious threat to your dog\",\"publisher\":{\"@id\":\"https:\/\/www.parasitefree.pet\/es\/#organization\"},\"potentialAction\":[{\"@type\":\"SearchAction\",\"target\":{\"@type\":\"EntryPoint\",\"urlTemplate\":\"https:\/\/www.parasitefree.pet\/es\/?s={search_term_string}\"},\"query-input\":{\"@type\":\"PropertyValueSpecification\",\"valueRequired\":true,\"valueName\":\"search_term_string\"}}],\"inLanguage\":\"es\"},{\"@type\":\"Organization\",\"@id\":\"https:\/\/www.parasitefree.pet\/es\/#organization\",\"name\":\"parasitefree.pet\",\"url\":\"https:\/\/www.parasitefree.pet\/es\/\",\"logo\":{\"@type\":\"ImageObject\",\"inLanguage\":\"es\",\"@id\":\"https:\/\/www.parasitefree.pet\/es\/#\/schema\/logo\/image\/\",\"url\":\"https:\/\/www.parasitefree.pet\/wp-content\/uploads\/2024\/12\/favicon.png\",\"contentUrl\":\"https:\/\/www.parasitefree.pet\/wp-content\/uploads\/2024\/12\/favicon.png\",\"width\":512,\"height\":512,\"caption\":\"parasitefree.pet\"},\"image\":{\"@id\":\"https:\/\/www.parasitefree.pet\/es\/#\/schema\/logo\/image\/\"},\"sameAs\":[\"https:\/\/www.instagram.com\/livistogroup\/\",\"https:\/\/www.youtube.com\/c\/LIVISTOGROUP\",\"https:\/\/www.linkedin.com\/company\/livisto\/\"]}]}<\/script>\n<!-- \/ Yoast SEO plugin. -->","yoast_head_json":{"title":"Pol\u00edtica de cookies - parasitefree.pet","robots":{"index":"noindex","follow":"nofollow"},"og_locale":"es_ES","og_type":"article","og_title":"Pol\u00edtica de cookies - parasitefree.pet","og_description":"INDUSTRIAL VETERINARIA, S.A. una compa\u00f1\u00eda del Grupo LIVISTO, ha desarrollado esta pol\u00edtica para informarle de qu\u00e9 es una cookie, cu\u00e1les usamos en esta web y ayudarle a poder gestionarlas seg\u00fan sea de su inter\u00e9s. Con su visita a nuestra web est\u00e1 siendo informado de la existencia de cookies y de la presente pol\u00edtica de cookies. [&hellip;]","og_url":"https:\/\/www.parasitefree.pet\/es\/politica-de-cookies\/","og_site_name":"parasitefree.pet","article_modified_time":"2025-01-17T10:11:31+00:00","twitter_card":"summary_large_image","twitter_misc":{"Tiempo de lectura":"5 minutos"},"schema":{"@context":"https:\/\/schema.org","@graph":[{"@type":"WebPage","@id":"https:\/\/www.parasitefree.pet\/es\/politica-de-cookies\/","url":"https:\/\/www.parasitefree.pet\/es\/politica-de-cookies\/","name":"Pol\u00edtica de cookies - parasitefree.pet","isPartOf":{"@id":"https:\/\/www.parasitefree.pet\/es\/#website"},"datePublished":"2024-12-04T10:02:09+00:00","dateModified":"2025-01-17T10:11:31+00:00","breadcrumb":{"@id":"https:\/\/www.parasitefree.pet\/es\/politica-de-cookies\/#breadcrumb"},"inLanguage":"es","potentialAction":[{"@type":"ReadAction","target":["https:\/\/www.parasitefree.pet\/es\/politica-de-cookies\/"]}]},{"@type":"BreadcrumbList","@id":"https:\/\/www.parasitefree.pet\/es\/politica-de-cookies\/#breadcrumb","itemListElement":[{"@type":"ListItem","position":1,"name":"Portada","item":"https:\/\/www.parasitefree.pet\/es\/"},{"@type":"ListItem","position":2,"name":"Pol\u00edtica de cookies"}]},{"@type":"WebSite","@id":"https:\/\/www.parasitefree.pet\/es\/#website","url":"https:\/\/www.parasitefree.pet\/es\/","name":"parasitefree.pet","description":"Parasites are a serious threat to your dog","publisher":{"@id":"https:\/\/www.parasitefree.pet\/es\/#organization"},"potentialAction":[{"@type":"SearchAction","target":{"@type":"EntryPoint","urlTemplate":"https:\/\/www.parasitefree.pet\/es\/?s={search_term_string}"},"query-input":{"@type":"PropertyValueSpecification","valueRequired":true,"valueName":"search_term_string"}}],"inLanguage":"es"},{"@type":"Organization","@id":"https:\/\/www.parasitefree.pet\/es\/#organization","name":"parasitefree.pet","url":"https:\/\/www.parasitefree.pet\/es\/","logo":{"@type":"ImageObject","inLanguage":"es","@id":"https:\/\/www.parasitefree.pet\/es\/#\/schema\/logo\/image\/","url":"https:\/\/www.parasitefree.pet\/wp-content\/uploads\/2024\/12\/favicon.png","contentUrl":"https:\/\/www.parasitefree.pet\/wp-content\/uploads\/2024\/12\/favicon.png","width":512,"height":512,"caption":"parasitefree.pet"},"image":{"@id":"https:\/\/www.parasitefree.pet\/es\/#\/schema\/logo\/image\/"},"sameAs":["https:\/\/www.instagram.com\/livistogroup\/","https:\/\/www.youtube.com\/c\/LIVISTOGROUP","https:\/\/www.linkedin.com\/company\/livisto\/"]}]}},"_links":{"self":[{"href":"https:\/\/www.parasitefree.pet\/es\/wp-json\/wp\/v2\/pages\/474","targetHints":{"allow":["GET"]}}],"collection":[{"href":"https:\/\/www.parasitefree.pet\/es\/wp-json\/wp\/v2\/pages"}],"about":[{"href":"https:\/\/www.parasitefree.pet\/es\/wp-json\/wp\/v2\/types\/page"}],"author":[{"embeddable":true,"href":"https:\/\/www.parasitefree.pet\/es\/wp-json\/wp\/v2\/users\/1"}],"replies":[{"embeddable":true,"href":"https:\/\/www.parasitefree.pet\/es\/wp-json\/wp\/v2\/comments?post=474"}],"version-history":[{"count":1,"href":"https:\/\/www.parasitefree.pet\/es\/wp-json\/wp\/v2\/pages\/474\/revisions"}],"predecessor-version":[{"id":477,"href":"https:\/\/www.parasitefree.pet\/es\/wp-json\/wp\/v2\/pages\/474\/revisions\/477"}],"wp:attachment":[{"href":"https:\/\/www.parasitefree.pet\/es\/wp-json\/wp\/v2\/media?parent=474"}],"curies":[{"name":"wp","href":"https:\/\/api.w.org\/{rel}","templated":true}]}}