{"id":678,"date":"2025-02-14T11:01:10","date_gmt":"2025-02-14T10:01:10","guid":{"rendered":"https:\/\/www.parasitefree.pet\/?page_id=678"},"modified":"2025-03-12T15:50:09","modified_gmt":"2025-03-12T14:50:09","slug":"impressum","status":"publish","type":"page","link":"https:\/\/www.parasitefree.pet\/de\/impressum\/","title":{"rendered":"Impressum"},"content":{"rendered":"\n<p>aniMedica GmbH<br>a LIVISTO company<br>Im S\u00fcdfeld 9<br>48308 Senden-B\u00f6sensell<br>Telefon: 02536 3302-0<br>Fax: 02536 3302-110<br><a href=\"mailto:info.germany@livisto.com\">info.germany@livisto.com<\/a><br>www.livisto.de<\/p>\n\n\n\n<p><strong>Eingetragen beim Amtsgericht Coesfeld mit der HR B Nummer: 7210<\/strong><\/p>\n\n\n\n<p><strong>Vertretungsberechtigte Gesch\u00e4ftsf\u00fchrer:<\/strong><\/p>\n\n\n\n<p>Dr. Enno Gottschalk<\/p>\n\n\n\n<p><strong>Verantwortlich f\u00fcr den Inhalt gem\u00e4\u00df \u00a7 55 Abs. 2 des Rundfunkstaatsvertrags (RStV):<\/strong><\/p>\n\n\n\n<p>Dr. Enno Gottschalk (Gesch\u00e4ftsf\u00fchrer)<\/p>\n\n\n\n<p><strong>Umsatzsteuer-Identifikationsnummer gem\u00e4\u00df \u00a7 27 a Umsatzsteuergesetz:<\/strong><\/p>\n\n\n\n<p>DE 126117707<\/p>\n\n\n\n<p>Das Informationsangebot der aniMedica GmbH wird sorgf\u00e4ltig gepr\u00fcft und nach bestem Wissen und Gewissen zusammengestellt. Wir bem\u00fchen uns, dieses Informationsangebot stetig zu erweitern und zu aktualisieren. Dessen ungeachtet k\u00f6nnen wir f\u00fcr die Vollst\u00e4ndigkeit, Richtigkeit und letzte Aktualit\u00e4t der Inhalte des Onlineangebotes keine Gew\u00e4hr \u00fcbernehmen.<\/p>\n\n\n\n<p>N\u00e4here Informationen zu den Nutzungsbedigungen finden Sie\u00a0<a href=\"https:\/\/www.parasitefree.pet\/de\/nutzungsbedingungen\/\" target=\"_blank\" rel=\"noreferrer noopener\">hier<\/a>.<\/p>\n","protected":false},"excerpt":{"rendered":"<p>aniMedica GmbHa LIVISTO companyIm S\u00fcdfeld 948308 Senden-B\u00f6sensellTelefon: 02536 3302-0Fax: 02536 3302-110info.germany@livisto.comwww.livisto.de Eingetragen beim Amtsgericht Coesfeld mit der HR B Nummer: 7210 Vertretungsberechtigte Gesch\u00e4ftsf\u00fchrer: Dr. Enno Gottschalk Verantwortlich f\u00fcr den Inhalt gem\u00e4\u00df \u00a7 55 Abs. 2 des Rundfunkstaatsvertrags (RStV): Dr. Enno Gottschalk (Gesch\u00e4ftsf\u00fchrer) Umsatzsteuer-Identifikationsnummer gem\u00e4\u00df \u00a7 27 a Umsatzsteuergesetz: DE 126117707 Das Informationsangebot der aniMedica GmbH [&hellip;]<\/p>\n","protected":false},"author":1,"featured_media":0,"parent":0,"menu_order":90,"comment_status":"closed","ping_status":"closed","template":"page-legal.php","meta":{"inline_featured_image":false,"footnotes":""},"class_list":["post-678","page","type-page","status-publish","hentry"],"acf":[],"yoast_head":"<!-- This site is optimized with the Yoast SEO plugin v24.5 - https:\/\/yoast.com\/wordpress\/plugins\/seo\/ -->\n<title>Impressum - parasitefree.pet<\/title>\n<meta name=\"robots\" content=\"index, follow, max-snippet:-1, max-image-preview:large, max-video-preview:-1\" \/>\n<link rel=\"canonical\" href=\"https:\/\/www.parasitefree.pet\/de\/impressum\/\" \/>\n<meta property=\"og:locale\" content=\"de_DE\" \/>\n<meta property=\"og:type\" content=\"article\" \/>\n<meta property=\"og:title\" content=\"Impressum - parasitefree.pet\" \/>\n<meta property=\"og:description\" content=\"aniMedica GmbHa LIVISTO companyIm S\u00fcdfeld 948308 Senden-B\u00f6sensellTelefon: 02536 3302-0Fax: 02536 3302-110info.germany@livisto.comwww.livisto.de Eingetragen beim Amtsgericht Coesfeld mit der HR B Nummer: 7210 Vertretungsberechtigte Gesch\u00e4ftsf\u00fchrer: Dr. Enno Gottschalk Verantwortlich f\u00fcr den Inhalt gem\u00e4\u00df \u00a7 55 Abs. 2 des Rundfunkstaatsvertrags (RStV): Dr. Enno Gottschalk (Gesch\u00e4ftsf\u00fchrer) Umsatzsteuer-Identifikationsnummer gem\u00e4\u00df \u00a7 27 a Umsatzsteuergesetz: DE 126117707 Das Informationsangebot der aniMedica GmbH [&hellip;]\" \/>\n<meta property=\"og:url\" content=\"https:\/\/www.parasitefree.pet\/de\/impressum\/\" \/>\n<meta property=\"og:site_name\" content=\"parasitefree.pet\" \/>\n<meta property=\"article:modified_time\" content=\"2025-03-12T14:50:09+00:00\" \/>\n<meta name=\"twitter:card\" content=\"summary_large_image\" \/>\n<meta name=\"twitter:label1\" content=\"Gesch\u00e4tzte Lesezeit\" \/>\n\t<meta name=\"twitter:data1\" content=\"1\u00a0Minute\" \/>\n<script type=\"application\/ld+json\" class=\"yoast-schema-graph\">{\"@context\":\"https:\/\/schema.org\",\"@graph\":[{\"@type\":\"WebPage\",\"@id\":\"https:\/\/www.parasitefree.pet\/de\/impressum\/\",\"url\":\"https:\/\/www.parasitefree.pet\/de\/impressum\/\",\"name\":\"Impressum - parasitefree.pet\",\"isPartOf\":{\"@id\":\"https:\/\/www.parasitefree.pet\/de\/#website\"},\"datePublished\":\"2025-02-14T10:01:10+00:00\",\"dateModified\":\"2025-03-12T14:50:09+00:00\",\"breadcrumb\":{\"@id\":\"https:\/\/www.parasitefree.pet\/de\/impressum\/#breadcrumb\"},\"inLanguage\":\"de\",\"potentialAction\":[{\"@type\":\"ReadAction\",\"target\":[\"https:\/\/www.parasitefree.pet\/de\/impressum\/\"]}]},{\"@type\":\"BreadcrumbList\",\"@id\":\"https:\/\/www.parasitefree.pet\/de\/impressum\/#breadcrumb\",\"itemListElement\":[{\"@type\":\"ListItem\",\"position\":1,\"name\":\"Portada\",\"item\":\"https:\/\/www.parasitefree.pet\/de\/\"},{\"@type\":\"ListItem\",\"position\":2,\"name\":\"Impressum\"}]},{\"@type\":\"WebSite\",\"@id\":\"https:\/\/www.parasitefree.pet\/de\/#website\",\"url\":\"https:\/\/www.parasitefree.pet\/de\/\",\"name\":\"parasitefree.pet\",\"description\":\"Parasites are a serious threat to your dog\",\"publisher\":{\"@id\":\"https:\/\/www.parasitefree.pet\/de\/#organization\"},\"potentialAction\":[{\"@type\":\"SearchAction\",\"target\":{\"@type\":\"EntryPoint\",\"urlTemplate\":\"https:\/\/www.parasitefree.pet\/de\/?s={search_term_string}\"},\"query-input\":{\"@type\":\"PropertyValueSpecification\",\"valueRequired\":true,\"valueName\":\"search_term_string\"}}],\"inLanguage\":\"de\"},{\"@type\":\"Organization\",\"@id\":\"https:\/\/www.parasitefree.pet\/de\/#organization\",\"name\":\"parasitefree.pet\",\"url\":\"https:\/\/www.parasitefree.pet\/de\/\",\"logo\":{\"@type\":\"ImageObject\",\"inLanguage\":\"de\",\"@id\":\"https:\/\/www.parasitefree.pet\/de\/#\/schema\/logo\/image\/\",\"url\":\"https:\/\/www.parasitefree.pet\/wp-content\/uploads\/2024\/12\/favicon.png\",\"contentUrl\":\"https:\/\/www.parasitefree.pet\/wp-content\/uploads\/2024\/12\/favicon.png\",\"width\":512,\"height\":512,\"caption\":\"parasitefree.pet\"},\"image\":{\"@id\":\"https:\/\/www.parasitefree.pet\/de\/#\/schema\/logo\/image\/\"},\"sameAs\":[\"https:\/\/www.instagram.com\/livistogroup\/\",\"https:\/\/www.youtube.com\/c\/LIVISTOGROUP\",\"https:\/\/www.linkedin.com\/company\/livisto\/\"]}]}<\/script>\n<!-- \/ Yoast SEO plugin. -->","yoast_head_json":{"title":"Impressum - parasitefree.pet","robots":{"index":"index","follow":"follow","max-snippet":"max-snippet:-1","max-image-preview":"max-image-preview:large","max-video-preview":"max-video-preview:-1"},"canonical":"https:\/\/www.parasitefree.pet\/de\/impressum\/","og_locale":"de_DE","og_type":"article","og_title":"Impressum - parasitefree.pet","og_description":"aniMedica GmbHa LIVISTO companyIm S\u00fcdfeld 948308 Senden-B\u00f6sensellTelefon: 02536 3302-0Fax: 02536 3302-110info.germany@livisto.comwww.livisto.de Eingetragen beim Amtsgericht Coesfeld mit der HR B Nummer: 7210 Vertretungsberechtigte Gesch\u00e4ftsf\u00fchrer: Dr. Enno Gottschalk Verantwortlich f\u00fcr den Inhalt gem\u00e4\u00df \u00a7 55 Abs. 2 des Rundfunkstaatsvertrags (RStV): Dr. Enno Gottschalk (Gesch\u00e4ftsf\u00fchrer) Umsatzsteuer-Identifikationsnummer gem\u00e4\u00df \u00a7 27 a Umsatzsteuergesetz: DE 126117707 Das Informationsangebot der aniMedica GmbH [&hellip;]","og_url":"https:\/\/www.parasitefree.pet\/de\/impressum\/","og_site_name":"parasitefree.pet","article_modified_time":"2025-03-12T14:50:09+00:00","twitter_card":"summary_large_image","twitter_misc":{"Gesch\u00e4tzte Lesezeit":"1\u00a0Minute"},"schema":{"@context":"https:\/\/schema.org","@graph":[{"@type":"WebPage","@id":"https:\/\/www.parasitefree.pet\/de\/impressum\/","url":"https:\/\/www.parasitefree.pet\/de\/impressum\/","name":"Impressum - parasitefree.pet","isPartOf":{"@id":"https:\/\/www.parasitefree.pet\/de\/#website"},"datePublished":"2025-02-14T10:01:10+00:00","dateModified":"2025-03-12T14:50:09+00:00","breadcrumb":{"@id":"https:\/\/www.parasitefree.pet\/de\/impressum\/#breadcrumb"},"inLanguage":"de","potentialAction":[{"@type":"ReadAction","target":["https:\/\/www.parasitefree.pet\/de\/impressum\/"]}]},{"@type":"BreadcrumbList","@id":"https:\/\/www.parasitefree.pet\/de\/impressum\/#breadcrumb","itemListElement":[{"@type":"ListItem","position":1,"name":"Portada","item":"https:\/\/www.parasitefree.pet\/de\/"},{"@type":"ListItem","position":2,"name":"Impressum"}]},{"@type":"WebSite","@id":"https:\/\/www.parasitefree.pet\/de\/#website","url":"https:\/\/www.parasitefree.pet\/de\/","name":"parasitefree.pet","description":"Parasites are a serious threat to your dog","publisher":{"@id":"https:\/\/www.parasitefree.pet\/de\/#organization"},"potentialAction":[{"@type":"SearchAction","target":{"@type":"EntryPoint","urlTemplate":"https:\/\/www.parasitefree.pet\/de\/?s={search_term_string}"},"query-input":{"@type":"PropertyValueSpecification","valueRequired":true,"valueName":"search_term_string"}}],"inLanguage":"de"},{"@type":"Organization","@id":"https:\/\/www.parasitefree.pet\/de\/#organization","name":"parasitefree.pet","url":"https:\/\/www.parasitefree.pet\/de\/","logo":{"@type":"ImageObject","inLanguage":"de","@id":"https:\/\/www.parasitefree.pet\/de\/#\/schema\/logo\/image\/","url":"https:\/\/www.parasitefree.pet\/wp-content\/uploads\/2024\/12\/favicon.png","contentUrl":"https:\/\/www.parasitefree.pet\/wp-content\/uploads\/2024\/12\/favicon.png","width":512,"height":512,"caption":"parasitefree.pet"},"image":{"@id":"https:\/\/www.parasitefree.pet\/de\/#\/schema\/logo\/image\/"},"sameAs":["https:\/\/www.instagram.com\/livistogroup\/","https:\/\/www.youtube.com\/c\/LIVISTOGROUP","https:\/\/www.linkedin.com\/company\/livisto\/"]}]}},"_links":{"self":[{"href":"https:\/\/www.parasitefree.pet\/de\/wp-json\/wp\/v2\/pages\/678","targetHints":{"allow":["GET"]}}],"collection":[{"href":"https:\/\/www.parasitefree.pet\/de\/wp-json\/wp\/v2\/pages"}],"about":[{"href":"https:\/\/www.parasitefree.pet\/de\/wp-json\/wp\/v2\/types\/page"}],"author":[{"embeddable":true,"href":"https:\/\/www.parasitefree.pet\/de\/wp-json\/wp\/v2\/users\/1"}],"replies":[{"embeddable":true,"href":"https:\/\/www.parasitefree.pet\/de\/wp-json\/wp\/v2\/comments?post=678"}],"version-history":[{"count":1,"href":"https:\/\/www.parasitefree.pet\/de\/wp-json\/wp\/v2\/pages\/678\/revisions"}],"predecessor-version":[{"id":679,"href":"https:\/\/www.parasitefree.pet\/de\/wp-json\/wp\/v2\/pages\/678\/revisions\/679"}],"wp:attachment":[{"href":"https:\/\/www.parasitefree.pet\/de\/wp-json\/wp\/v2\/media?parent=678"}],"curies":[{"name":"wp","href":"https:\/\/api.w.org\/{rel}","templated":true}]}}