{"id":676,"date":"2025-02-14T10:59:19","date_gmt":"2025-02-14T09:59:19","guid":{"rendered":"https:\/\/www.parasitefree.pet\/?page_id=676"},"modified":"2025-03-12T15:50:04","modified_gmt":"2025-03-12T14:50:04","slug":"allgemeine-geschaeftsbedingungen-agb","status":"publish","type":"page","link":"https:\/\/www.parasitefree.pet\/de\/allgemeine-geschaeftsbedingungen-agb\/","title":{"rendered":"AGB"},"content":{"rendered":"\n<h3 class=\"wp-block-heading\">Lieferungs- und Zahlungsbedingungen<\/h3>\n\n\n\n<p><strong>1. Allgemeines<\/strong><\/p>\n\n\n\n<p>S\u00e4mtlichen Vertr\u00e4gen und Angeboten liegen die nachstehenden Lieferungs- und Zahlungsbedingungen zugrunde. Andere allgemeine Gesch\u00e4ftsbedingungen, die wir nicht ausdr\u00fccklich schriftlich anerkennen, sind f\u00fcr uns unverbindlich, auch wenn wir ihnen im Einzelfall nicht ausdr\u00fccklich widersprechen.<\/p>\n\n\n\n<p><strong>2. Angebote und Vertragsabschlu\u00df<\/strong><\/p>\n\n\n\n<p>Unsere Angebote sind hinsichtlich Preis, Menge, Lieferzeit und Lieferm\u00f6glichkeit freibleibend. Alle Auftr\u00e4ge werden erst durch unsere schriftliche Auftragsbest\u00e4tigung oder durch die Lieferung angenommen. Nebenabreden, Vorbehalt, \u00c4nderungen oder Erg\u00e4nzungen des Kauf- und Liefervertrages bed\u00fcrfen zu ihrer G\u00fcltigkeit unserer schriftlichen Best\u00e4tigung.<\/p>\n\n\n\n<p><strong>3. Preise<\/strong><\/p>\n\n\n\n<p>Unsere Abgabepreise gelten ab Werk oder Auslieferungslager einschlie\u00dflich Verpackung zuz\u00fcglich Mehrwertsteuer. Der Versand der Ware erfolgt bei einem Rechnungswert bis 100,- Euro auf Kosten des K\u00e4ufers.<\/p>\n\n\n\n<p><strong>4. Lieferung und Lieferverzug infolge h\u00f6herer Gewalt<\/strong><\/p>\n\n\n\n<p>a) Lieferungen erfolgen auf Gefahr des K\u00e4ufers auch dann, wenn wir die Versandkosten \u00fcbernehmen. Die Gefahr geht mit \u00dcbergabe der Ware an einen Spediteur oder Frachtf\u00fchrer, sp\u00e4testens mit Verlassen des Werks oder des Auslieferungslagers auf den K\u00e4ufer \u00fcber.<\/p>\n\n\n\n<p>b) Im Falle h\u00f6herer Gewalt und sonstiger unvorhersehbarer, au\u00dfergew\u00f6hnlicher und unverschuldeter Umst\u00e4nde \u2013 z. B. bei Materialbeschaffungsschwierigkeiten, Betriebsst\u00f6rungen, Streik, Aussperrung, beh\u00f6rdlichen Eingriffen, Energieversorgungsschwierigkeiten, auch wenn sie bei einem Vorlieferanten eintreten \u2013 sind wir f\u00fcr die Dauer der St\u00f6rungen und im Umfang ihrer Wirkung von der Einhaltung ei-ner Lieferfrist entbunden. Wird durch die genannten Umst\u00e4nde die Lieferung oder Leistung unm\u00f6glich oder unzumutbar, so werden wir von der Lieferverpflichtung frei. Auf die genannten Umst\u00e4nde k\u00f6nnen wir uns nur berufen, wenn wir den K\u00e4ufer hiervon unverz\u00fcglich benachrichtigen. Verl\u00e4ngert sich die Lieferzeit oder werden wir von der Lieferungsverpflichtung frei, so kann der K\u00e4ufer hieraus keine Schadensersatzanspr\u00fcche herleiten.<\/p>\n\n\n\n<p><strong>5. Gew\u00e4hrleistung und M\u00e4ngelr\u00fcgen<\/strong><\/p>\n\n\n\n<p>a) Beanstandungen und\/oder M\u00e4ngelr\u00fcgen m\u00fcssen bei offensichtlichen M\u00e4ngeln innerhalb von 10 Tagen nach Erhalt der Ware schriftlich unter Konkretisierung des geltend gemachten Mangels erfolgen. F\u00fcr die Fristberechnung sind der Tag der Anlieferung und der Tag des Eingangs des R\u00fcgeschreibens ma\u00dfgebend.<\/p>\n\n\n\n<p>b) Bei einer fehlerhaften Lieferung steht dem K\u00e4ufer zun\u00e4chst nur ein Anspruch auf kostenlose Ersatzlie-ferung zu. Die Herabsetzung des Kaufpreises oder die R\u00fcckg\u00e4ngigmachung des Vertrages nach seiner Wahl kann der K\u00e4ufer nur nach einer fehlgeschlagenen Ersatzlieferung verlangen.<\/p>\n\n\n\n<p><strong>6. Eigentumsvorbehalt<\/strong><\/p>\n\n\n\n<p>Die gelieferte Ware bleibt bis zur v\u00f6lligen Bezahlung des Kaufpreises mit allen Nebenforderungen unser Eigentum. Erfolgt die Lieferung im kaufm\u00e4nnischen Gesch\u00e4ftsverkehr, bleibt die Ware bis zur v\u00f6lligen Zahlung s\u00e4mtlicher uns aus der Gesch\u00e4ftsverbindung mit dem K\u00e4ufer zustehenden Forderungen unser Eigentum. Der K\u00e4ufer ist zur Weiterver\u00e4u\u00dferung der Waren nur im ordnungsgem\u00e4\u00dfen Gesch\u00e4ftsverkehr befugt. Die Forderungen des K\u00e4ufers aus einer Weiterver\u00e4u\u00dferung der Vorbehaltsware werden bereits jetzt zur Si-cherung s\u00e4mtlicher uns aus der Gesch\u00e4ftsverbindung zustehender Forderungen abgetreten. Der K\u00e4ufer ist zur Einziehung der durch die Weiterver\u00e4u\u00dferung entstandenen Forderungen berechtigt. Die Einzie-hungserm\u00e4chtigung kann von uns widerrufen werden, wenn der K\u00e4ufer seinen vertraglichen Verpflich-tungen uns gegen\u00fcber nicht ordnungsgem\u00e4\u00df nachkommt. Auf Verlangen des K\u00e4ufers sind wir zu R\u00fcck-\u00fcbertragung oder Freigabe der Sicherungen verpflichtet, soweit der Wert der uns gegebenen Sicherung die H\u00f6he unserer Forderung gegen den K\u00e4ufer insgesamt um mehr als 10 % \u00fcbersteigt. Der K\u00e4ufer ist verpflichtet, uns Zugriffe Dritter auf die unter Eigentumsvorbehalt gelieferte Ware unver-z\u00fcglich anzuzeigen.<\/p>\n\n\n\n<p><strong>7. Zahlung und Zahlungsverzug<\/strong><\/p>\n\n\n\n<p>Im Falle einer Zahlung im SEPA-Basis- oder Firmenlastschriftverfahren benachrichtigt die aniMedica den Vertragspartner bei einmaliger SEPA-Lastschrift und bei jeder SEPA-Dauerlastschrift mit wechselnden Betr\u00e4gen sp\u00e4testens einen Werktag vor Lastschrifteinzug \u00fcber diesen. Bei erstmaliger SEPA-Dauerlastschrift mit gleichbleibenden Betr\u00e4gen benachrichtigt die aniMedica den Vertragspartner sp\u00e4testens einen Werktag vor der ersten Lastschrift \u00fcber den ersten Lastschrifteinzug und die Folgeeinz\u00fcge. Im Falle des Zahlungsr\u00fcckstandes oder des Zahlungsverzuges werden Zinsen mit 6% \u00fcber dem jeweiligen Basiszinssatz der EZB berechnet.<\/p>\n\n\n\n<p><strong>8. Haftung<\/strong><\/p>\n\n\n\n<p>Schadensersatzanspr\u00fcche des K\u00e4ufers aus Verzug, Unm\u00f6glichkeit der Leistung, positiver Forderungsverletzung, Verschulden bei Vertragsschluss und unerlaubter Handlung sind ausgeschlossen, soweit der Schaden nicht durch vors\u00e4tzliches oder grob fahrl\u00e4ssiges Handeln verursacht wurde. Diese Beschr\u00e4nkung der Haftung gilt im gleichen Umfang auch f\u00fcr unsere Erf\u00fcllungs- und Verrichtungsgehilfen.<\/p>\n\n\n\n<p><strong>9. Erf\u00fcllungsort und Gerichtsstand<\/strong><\/p>\n\n\n\n<p>Erf\u00fcllungsort und Gerichtsstand f\u00fcr s\u00e4mtliche aus dem Vertragsverh\u00e4ltnis sich ergebenden Streitigkeiten ist M\u00fcnster\/Westfalen, soweit der K\u00e4ufer Vollkaufmann ist.<\/p>\n\n\n\n<p><strong>10. Verbindlichkeiten des Vertrages<\/strong><\/p>\n\n\n\n<p>Sollte eine Bestimmung in diesen Lieferungs- und Zahlungsbedingungen oder eine Bestimmung im Rahmen sonstiger Vereinbarungen unwirksam sein oder werden, so wird hiervon die Wirksamkeit aller sonstigen Bestimmungen oder Vereinbarungen nicht ber\u00fchrt.<\/p>\n","protected":false},"excerpt":{"rendered":"<p>Lieferungs- und Zahlungsbedingungen 1. Allgemeines S\u00e4mtlichen Vertr\u00e4gen und Angeboten liegen die nachstehenden Lieferungs- und Zahlungsbedingungen zugrunde. Andere allgemeine Gesch\u00e4ftsbedingungen, die wir nicht ausdr\u00fccklich schriftlich anerkennen, sind f\u00fcr uns unverbindlich, auch wenn wir ihnen im Einzelfall nicht ausdr\u00fccklich widersprechen. 2. Angebote und Vertragsabschlu\u00df Unsere Angebote sind hinsichtlich Preis, Menge, Lieferzeit und Lieferm\u00f6glichkeit freibleibend. Alle Auftr\u00e4ge werden [&hellip;]<\/p>\n","protected":false},"author":1,"featured_media":0,"parent":0,"menu_order":90,"comment_status":"closed","ping_status":"closed","template":"page-legal.php","meta":{"inline_featured_image":false,"footnotes":""},"class_list":["post-676","page","type-page","status-publish","hentry"],"acf":[],"yoast_head":"<!-- This site is optimized with the Yoast SEO plugin v24.5 - https:\/\/yoast.com\/wordpress\/plugins\/seo\/ -->\n<title>AGB - parasitefree.pet<\/title>\n<meta name=\"robots\" content=\"index, follow, max-snippet:-1, max-image-preview:large, max-video-preview:-1\" \/>\n<link rel=\"canonical\" href=\"https:\/\/www.parasitefree.pet\/de\/allgemeine-geschaeftsbedingungen-agb\/\" \/>\n<meta property=\"og:locale\" content=\"de_DE\" \/>\n<meta property=\"og:type\" content=\"article\" \/>\n<meta property=\"og:title\" content=\"AGB - parasitefree.pet\" \/>\n<meta property=\"og:description\" content=\"Lieferungs- und Zahlungsbedingungen 1. Allgemeines S\u00e4mtlichen Vertr\u00e4gen und Angeboten liegen die nachstehenden Lieferungs- und Zahlungsbedingungen zugrunde. Andere allgemeine Gesch\u00e4ftsbedingungen, die wir nicht ausdr\u00fccklich schriftlich anerkennen, sind f\u00fcr uns unverbindlich, auch wenn wir ihnen im Einzelfall nicht ausdr\u00fccklich widersprechen. 2. Angebote und Vertragsabschlu\u00df Unsere Angebote sind hinsichtlich Preis, Menge, Lieferzeit und Lieferm\u00f6glichkeit freibleibend. Alle Auftr\u00e4ge werden [&hellip;]\" \/>\n<meta property=\"og:url\" content=\"https:\/\/www.parasitefree.pet\/de\/allgemeine-geschaeftsbedingungen-agb\/\" \/>\n<meta property=\"og:site_name\" content=\"parasitefree.pet\" \/>\n<meta property=\"article:modified_time\" content=\"2025-03-12T14:50:04+00:00\" \/>\n<meta name=\"twitter:card\" content=\"summary_large_image\" \/>\n<meta name=\"twitter:label1\" content=\"Gesch\u00e4tzte Lesezeit\" \/>\n\t<meta name=\"twitter:data1\" content=\"3\u00a0Minuten\" \/>\n<script type=\"application\/ld+json\" class=\"yoast-schema-graph\">{\"@context\":\"https:\/\/schema.org\",\"@graph\":[{\"@type\":\"WebPage\",\"@id\":\"https:\/\/www.parasitefree.pet\/de\/allgemeine-geschaeftsbedingungen-agb\/\",\"url\":\"https:\/\/www.parasitefree.pet\/de\/allgemeine-geschaeftsbedingungen-agb\/\",\"name\":\"AGB - parasitefree.pet\",\"isPartOf\":{\"@id\":\"https:\/\/www.parasitefree.pet\/de\/#website\"},\"datePublished\":\"2025-02-14T09:59:19+00:00\",\"dateModified\":\"2025-03-12T14:50:04+00:00\",\"breadcrumb\":{\"@id\":\"https:\/\/www.parasitefree.pet\/de\/allgemeine-geschaeftsbedingungen-agb\/#breadcrumb\"},\"inLanguage\":\"de\",\"potentialAction\":[{\"@type\":\"ReadAction\",\"target\":[\"https:\/\/www.parasitefree.pet\/de\/allgemeine-geschaeftsbedingungen-agb\/\"]}]},{\"@type\":\"BreadcrumbList\",\"@id\":\"https:\/\/www.parasitefree.pet\/de\/allgemeine-geschaeftsbedingungen-agb\/#breadcrumb\",\"itemListElement\":[{\"@type\":\"ListItem\",\"position\":1,\"name\":\"Portada\",\"item\":\"https:\/\/www.parasitefree.pet\/de\/\"},{\"@type\":\"ListItem\",\"position\":2,\"name\":\"AGB\"}]},{\"@type\":\"WebSite\",\"@id\":\"https:\/\/www.parasitefree.pet\/de\/#website\",\"url\":\"https:\/\/www.parasitefree.pet\/de\/\",\"name\":\"parasitefree.pet\",\"description\":\"Parasites are a serious threat to your dog\",\"publisher\":{\"@id\":\"https:\/\/www.parasitefree.pet\/de\/#organization\"},\"potentialAction\":[{\"@type\":\"SearchAction\",\"target\":{\"@type\":\"EntryPoint\",\"urlTemplate\":\"https:\/\/www.parasitefree.pet\/de\/?s={search_term_string}\"},\"query-input\":{\"@type\":\"PropertyValueSpecification\",\"valueRequired\":true,\"valueName\":\"search_term_string\"}}],\"inLanguage\":\"de\"},{\"@type\":\"Organization\",\"@id\":\"https:\/\/www.parasitefree.pet\/de\/#organization\",\"name\":\"parasitefree.pet\",\"url\":\"https:\/\/www.parasitefree.pet\/de\/\",\"logo\":{\"@type\":\"ImageObject\",\"inLanguage\":\"de\",\"@id\":\"https:\/\/www.parasitefree.pet\/de\/#\/schema\/logo\/image\/\",\"url\":\"https:\/\/www.parasitefree.pet\/wp-content\/uploads\/2024\/12\/favicon.png\",\"contentUrl\":\"https:\/\/www.parasitefree.pet\/wp-content\/uploads\/2024\/12\/favicon.png\",\"width\":512,\"height\":512,\"caption\":\"parasitefree.pet\"},\"image\":{\"@id\":\"https:\/\/www.parasitefree.pet\/de\/#\/schema\/logo\/image\/\"},\"sameAs\":[\"https:\/\/www.instagram.com\/livistogroup\/\",\"https:\/\/www.youtube.com\/c\/LIVISTOGROUP\",\"https:\/\/www.linkedin.com\/company\/livisto\/\"]}]}<\/script>\n<!-- \/ Yoast SEO plugin. -->","yoast_head_json":{"title":"AGB - parasitefree.pet","robots":{"index":"index","follow":"follow","max-snippet":"max-snippet:-1","max-image-preview":"max-image-preview:large","max-video-preview":"max-video-preview:-1"},"canonical":"https:\/\/www.parasitefree.pet\/de\/allgemeine-geschaeftsbedingungen-agb\/","og_locale":"de_DE","og_type":"article","og_title":"AGB - parasitefree.pet","og_description":"Lieferungs- und Zahlungsbedingungen 1. Allgemeines S\u00e4mtlichen Vertr\u00e4gen und Angeboten liegen die nachstehenden Lieferungs- und Zahlungsbedingungen zugrunde. Andere allgemeine Gesch\u00e4ftsbedingungen, die wir nicht ausdr\u00fccklich schriftlich anerkennen, sind f\u00fcr uns unverbindlich, auch wenn wir ihnen im Einzelfall nicht ausdr\u00fccklich widersprechen. 2. Angebote und Vertragsabschlu\u00df Unsere Angebote sind hinsichtlich Preis, Menge, Lieferzeit und Lieferm\u00f6glichkeit freibleibend. Alle Auftr\u00e4ge werden [&hellip;]","og_url":"https:\/\/www.parasitefree.pet\/de\/allgemeine-geschaeftsbedingungen-agb\/","og_site_name":"parasitefree.pet","article_modified_time":"2025-03-12T14:50:04+00:00","twitter_card":"summary_large_image","twitter_misc":{"Gesch\u00e4tzte Lesezeit":"3\u00a0Minuten"},"schema":{"@context":"https:\/\/schema.org","@graph":[{"@type":"WebPage","@id":"https:\/\/www.parasitefree.pet\/de\/allgemeine-geschaeftsbedingungen-agb\/","url":"https:\/\/www.parasitefree.pet\/de\/allgemeine-geschaeftsbedingungen-agb\/","name":"AGB - parasitefree.pet","isPartOf":{"@id":"https:\/\/www.parasitefree.pet\/de\/#website"},"datePublished":"2025-02-14T09:59:19+00:00","dateModified":"2025-03-12T14:50:04+00:00","breadcrumb":{"@id":"https:\/\/www.parasitefree.pet\/de\/allgemeine-geschaeftsbedingungen-agb\/#breadcrumb"},"inLanguage":"de","potentialAction":[{"@type":"ReadAction","target":["https:\/\/www.parasitefree.pet\/de\/allgemeine-geschaeftsbedingungen-agb\/"]}]},{"@type":"BreadcrumbList","@id":"https:\/\/www.parasitefree.pet\/de\/allgemeine-geschaeftsbedingungen-agb\/#breadcrumb","itemListElement":[{"@type":"ListItem","position":1,"name":"Portada","item":"https:\/\/www.parasitefree.pet\/de\/"},{"@type":"ListItem","position":2,"name":"AGB"}]},{"@type":"WebSite","@id":"https:\/\/www.parasitefree.pet\/de\/#website","url":"https:\/\/www.parasitefree.pet\/de\/","name":"parasitefree.pet","description":"Parasites are a serious threat to your dog","publisher":{"@id":"https:\/\/www.parasitefree.pet\/de\/#organization"},"potentialAction":[{"@type":"SearchAction","target":{"@type":"EntryPoint","urlTemplate":"https:\/\/www.parasitefree.pet\/de\/?s={search_term_string}"},"query-input":{"@type":"PropertyValueSpecification","valueRequired":true,"valueName":"search_term_string"}}],"inLanguage":"de"},{"@type":"Organization","@id":"https:\/\/www.parasitefree.pet\/de\/#organization","name":"parasitefree.pet","url":"https:\/\/www.parasitefree.pet\/de\/","logo":{"@type":"ImageObject","inLanguage":"de","@id":"https:\/\/www.parasitefree.pet\/de\/#\/schema\/logo\/image\/","url":"https:\/\/www.parasitefree.pet\/wp-content\/uploads\/2024\/12\/favicon.png","contentUrl":"https:\/\/www.parasitefree.pet\/wp-content\/uploads\/2024\/12\/favicon.png","width":512,"height":512,"caption":"parasitefree.pet"},"image":{"@id":"https:\/\/www.parasitefree.pet\/de\/#\/schema\/logo\/image\/"},"sameAs":["https:\/\/www.instagram.com\/livistogroup\/","https:\/\/www.youtube.com\/c\/LIVISTOGROUP","https:\/\/www.linkedin.com\/company\/livisto\/"]}]}},"_links":{"self":[{"href":"https:\/\/www.parasitefree.pet\/de\/wp-json\/wp\/v2\/pages\/676","targetHints":{"allow":["GET"]}}],"collection":[{"href":"https:\/\/www.parasitefree.pet\/de\/wp-json\/wp\/v2\/pages"}],"about":[{"href":"https:\/\/www.parasitefree.pet\/de\/wp-json\/wp\/v2\/types\/page"}],"author":[{"embeddable":true,"href":"https:\/\/www.parasitefree.pet\/de\/wp-json\/wp\/v2\/users\/1"}],"replies":[{"embeddable":true,"href":"https:\/\/www.parasitefree.pet\/de\/wp-json\/wp\/v2\/comments?post=676"}],"version-history":[{"count":2,"href":"https:\/\/www.parasitefree.pet\/de\/wp-json\/wp\/v2\/pages\/676\/revisions"}],"predecessor-version":[{"id":712,"href":"https:\/\/www.parasitefree.pet\/de\/wp-json\/wp\/v2\/pages\/676\/revisions\/712"}],"wp:attachment":[{"href":"https:\/\/www.parasitefree.pet\/de\/wp-json\/wp\/v2\/media?parent=676"}],"curies":[{"name":"wp","href":"https:\/\/api.w.org\/{rel}","templated":true}]}}