{"id":673,"date":"2024-12-04T11:01:52","date_gmt":"2024-12-04T10:01:52","guid":{"rendered":"https:\/\/www.parasitefree.pet\/terms-of-use\/"},"modified":"2025-02-14T10:57:37","modified_gmt":"2025-02-14T09:57:37","slug":"terms-of-use","status":"publish","type":"page","link":"https:\/\/www.parasitefree.pet\/de\/nutzungsbedingungen\/","title":{"rendered":"Nutzungsbedingungen"},"content":{"rendered":"\n<p>Alle Inhalte werden sorgf\u00e4ltig gepr\u00fcft und nach bestem Wissen und Gewissen zusammengestellt. Wir sind bestrebt, dieses Informationsangebot stetig zu erweitern und zu aktualisieren. Eine Garantie f\u00fcr die Vollst\u00e4ndigkeit, Richtigkeit und Aktualit\u00e4t k\u00f6nnen wir jedoch nicht \u00fcbernehmen. So k\u00f6nnen wir beispielsweise nicht f\u00fcr den Erfolg von Nutzpflanzenkulturen verantwortlich oder haftbar gemacht werden, da dieser auch von unkontrollierbaren Faktoren abh\u00e4ngt, die nichts mit der Qualit\u00e4t der Sorten zu tun haben. Die LIVISTO Group GmbH haftet nicht f\u00fcr Verluste oder Sch\u00e4den, die im Zusammenhang mit der Nutzung der Inhalte unserer Webseiten entstehen. LIVISTO Group GmbH haftet nicht f\u00fcr indirekte Sch\u00e4den materieller oder ideeller Art, durch M\u00e4ngel verursachte Folgesch\u00e4den oder entgangenen Gewinn, die durch die Nutzung oder Nichtnutzung der angebotenen Informationen oder der darin enthaltenen Software verursacht wurden. Alle Angebote sind freibleibend und unverbindlich. Die LIVISTO Group GmbH beh\u00e4lt sich ausdr\u00fccklich das Recht vor, Teile der Seiten oder das gesamte Angebot ohne gesonderte Ank\u00fcndigung zu ver\u00e4ndern, zu erg\u00e4nzen oder zu l\u00f6schen oder die Ver\u00f6ffentlichung zeitweise oder endg\u00fcltig einzustellen.<\/p>\n\n\n\n<h3 class=\"wp-block-heading\">Inhalte des Onlineangebotes<\/h3>\n\n\n\n<p>Alle Inhalte werden sorgf\u00e4ltig gepr\u00fcft und nach bestem Wissen und Gewissen zusammengestellt. Wir sind bestrebt, dieses Informationsangebot stetig zu erweitern und zu aktualisieren. Eine Garantie f\u00fcr die Vollst\u00e4ndigkeit, Richtigkeit und Aktualit\u00e4t k\u00f6nnen wir jedoch nicht \u00fcbernehmen. So k\u00f6nnen wir beispielsweise nicht f\u00fcr den Erfolg von Nutzpflanzenkulturen verantwortlich oder haftbar gemacht werden, da dieser auch von unkontrollierbaren Faktoren abh\u00e4ngt, die nichts mit der Qualit\u00e4t der Sorten zu tun haben. Die LIVISTO Group GmbH haftet nicht f\u00fcr Verluste oder Sch\u00e4den, die im Zusammenhang mit der Nutzung der Inhalte unserer Webseiten entstehen. LIVISTO Group GmbH haftet nicht f\u00fcr indirekte Sch\u00e4den materieller oder ideeller Art, durch M\u00e4ngel verursachte Folgesch\u00e4den oder entgangenen Gewinn, die durch die Nutzung oder Nichtnutzung der angebotenen Informationen oder der darin enthaltenen Software verursacht wurden. Alle Angebote sind freibleibend und unverbindlich. Die LIVISTO Group GmbH beh\u00e4lt sich ausdr\u00fccklich das Recht vor, Teile der Seiten oder das gesamte Angebot ohne gesonderte Ank\u00fcndigung zu ver\u00e4ndern, zu erg\u00e4nzen oder zu l\u00f6schen oder die Ver\u00f6ffentlichung zeitweise oder endg\u00fcltig einzustellen.<\/p>\n\n\n\n<h3 class=\"wp-block-heading\">Urheberrecht<\/h3>\n\n\n\n<p>Die Inhalte der Website der LIVISTO Group GmbH sind urheberrechtlich gesch\u00fctzt. Alle Rechte sind vorbehalten. Das Urheberrecht f\u00fcr ver\u00f6ffentlichte Objekte, die von der LIVISTO Group GmbH selbst erstellt wurden, verbleibt allein bei der LIVISTO Group GmbH. Jegliche Vervielf\u00e4ltigung oder Verwendung solcher Grafiken, Tondokumente, Videosequenzen und Texte in anderen elektronischen oder gedruckten Publikationen ist ohne ausdr\u00fcckliche Zustimmung der LIVISTO Group GmbH untersagt.<\/p>\n\n\n\n<p>In allen Publikationen ist die LIVISTO Group GmbH bestrebt, die Urheberrechte an den verwendeten Grafiken, Tondokumenten, Videosequenzen und Texten zu beachten, von uns selbst erstellte Grafiken, Tondokumente, Videosequenzen und Texte zu nutzen oder auf lizenzfreie Grafiken, Tondokumente, Videosequenzen und Texte zur\u00fcckzugreifen. Alle innerhalb unseres Internetangebots genannten und ggf. durch Rechte Dritter gesch\u00fctzten Marken und Warenzeichen, Handelsnamen und Gattungsbezeichnungen unterliegen uneingeschr\u00e4nkt den Bestimmungen des relevanten Marken- und Kennzeichenrechts und den Besitzrechten der jeweiligen eingetragenen Eigent\u00fcmer. Allein aufgrund der blo\u00dfen Nennung von Marken ist nicht der Schluss zu ziehen, dass diese nicht durch Rechte Dritter gesch\u00fctzt sind!<\/p>\n\n\n\n<h3 class=\"wp-block-heading\">Ihre Privatsph\u00e4re und der Schutz Ihrer personenbezogenen Daten<\/h3>\n\n\n\n<p>Ihre Zufriedenheit hat f\u00fcr die LIVISTO Group GmbH Priorit\u00e4t. In diesem Sinne betrachten wir es auch als unsere Pflicht, die von uns erhobenen personenbezogenen Daten zu sch\u00fctzen. Wir verwenden die \u00fcber Sie gesammelten Informationen nur f\u00fcr betriebliche Zwecke, d.&nbsp;h. haupts\u00e4chlich, um Ihnen eine komfortablere und gezieltere Nutzung unserer Angebote zu erm\u00f6glichen. Die LIVISTO Group GmbH stellt Ihre personenbezogenen Daten keinen Dritten au\u00dferhalb des Unternehmens zur Nutzung zur Verf\u00fcgung. Die strikte Wahrung der Vertraulichkeit Ihrer Daten ist f\u00fcr uns selbstverst\u00e4ndlich.<\/p>\n\n\n\n<h3 class=\"wp-block-heading\">G\u00fcltigkeit dieses Haftungsausschlusses<\/h3>\n\n\n\n<p>Dieser Haftungsausschluss ist als Teil des Internetangebots zu betrachten, von dem aus Sie auf diese Seite verwiesen wurden. Sollten Teile oder einzelne Formulierungen dieses Textes der geltenden Rechtslage nicht, nicht mehr oder nicht vollst\u00e4ndig entsprechen, so bleiben die Inhalte und die G\u00fcltigkeit der \u00fcbrigen Teile des Dokumentes davon unber\u00fchrt.<\/p>\n","protected":false},"excerpt":{"rendered":"<p>Alle Inhalte werden sorgf\u00e4ltig gepr\u00fcft und nach bestem Wissen und Gewissen zusammengestellt. Wir sind bestrebt, dieses Informationsangebot stetig zu erweitern und zu aktualisieren. Eine Garantie f\u00fcr die Vollst\u00e4ndigkeit, Richtigkeit und Aktualit\u00e4t k\u00f6nnen wir jedoch nicht \u00fcbernehmen. So k\u00f6nnen wir beispielsweise nicht f\u00fcr den Erfolg von Nutzpflanzenkulturen verantwortlich oder haftbar gemacht werden, da dieser auch von [&hellip;]<\/p>\n","protected":false},"author":1,"featured_media":0,"parent":0,"menu_order":90,"comment_status":"closed","ping_status":"closed","template":"page-legal.php","meta":{"inline_featured_image":false,"footnotes":""},"class_list":["post-673","page","type-page","status-publish","hentry"],"acf":[],"yoast_head":"<!-- This site is optimized with the Yoast SEO plugin v24.5 - https:\/\/yoast.com\/wordpress\/plugins\/seo\/ -->\n<title>Nutzungsbedingungen - parasitefree.pet<\/title>\n<meta name=\"robots\" content=\"noindex, nofollow\" \/>\n<meta property=\"og:locale\" content=\"de_DE\" \/>\n<meta property=\"og:type\" content=\"article\" \/>\n<meta property=\"og:title\" content=\"Nutzungsbedingungen - parasitefree.pet\" \/>\n<meta property=\"og:description\" content=\"Alle Inhalte werden sorgf\u00e4ltig gepr\u00fcft und nach bestem Wissen und Gewissen zusammengestellt. Wir sind bestrebt, dieses Informationsangebot stetig zu erweitern und zu aktualisieren. Eine Garantie f\u00fcr die Vollst\u00e4ndigkeit, Richtigkeit und Aktualit\u00e4t k\u00f6nnen wir jedoch nicht \u00fcbernehmen. So k\u00f6nnen wir beispielsweise nicht f\u00fcr den Erfolg von Nutzpflanzenkulturen verantwortlich oder haftbar gemacht werden, da dieser auch von [&hellip;]\" \/>\n<meta property=\"og:url\" content=\"https:\/\/www.parasitefree.pet\/de\/nutzungsbedingungen\/\" \/>\n<meta property=\"og:site_name\" content=\"parasitefree.pet\" \/>\n<meta property=\"article:modified_time\" content=\"2025-02-14T09:57:37+00:00\" \/>\n<meta name=\"twitter:card\" content=\"summary_large_image\" \/>\n<meta name=\"twitter:label1\" content=\"Gesch\u00e4tzte Lesezeit\" \/>\n\t<meta name=\"twitter:data1\" content=\"3\u00a0Minuten\" \/>\n<script type=\"application\/ld+json\" class=\"yoast-schema-graph\">{\"@context\":\"https:\/\/schema.org\",\"@graph\":[{\"@type\":\"WebPage\",\"@id\":\"https:\/\/www.parasitefree.pet\/de\/nutzungsbedingungen\/\",\"url\":\"https:\/\/www.parasitefree.pet\/de\/nutzungsbedingungen\/\",\"name\":\"Nutzungsbedingungen - parasitefree.pet\",\"isPartOf\":{\"@id\":\"https:\/\/www.parasitefree.pet\/de\/#website\"},\"datePublished\":\"2024-12-04T10:01:52+00:00\",\"dateModified\":\"2025-02-14T09:57:37+00:00\",\"breadcrumb\":{\"@id\":\"https:\/\/www.parasitefree.pet\/de\/nutzungsbedingungen\/#breadcrumb\"},\"inLanguage\":\"de\",\"potentialAction\":[{\"@type\":\"ReadAction\",\"target\":[\"https:\/\/www.parasitefree.pet\/de\/nutzungsbedingungen\/\"]}]},{\"@type\":\"BreadcrumbList\",\"@id\":\"https:\/\/www.parasitefree.pet\/de\/nutzungsbedingungen\/#breadcrumb\",\"itemListElement\":[{\"@type\":\"ListItem\",\"position\":1,\"name\":\"Portada\",\"item\":\"https:\/\/www.parasitefree.pet\/de\/\"},{\"@type\":\"ListItem\",\"position\":2,\"name\":\"Nutzungsbedingungen\"}]},{\"@type\":\"WebSite\",\"@id\":\"https:\/\/www.parasitefree.pet\/de\/#website\",\"url\":\"https:\/\/www.parasitefree.pet\/de\/\",\"name\":\"parasitefree.pet\",\"description\":\"Parasites are a serious threat to your dog\",\"publisher\":{\"@id\":\"https:\/\/www.parasitefree.pet\/de\/#organization\"},\"potentialAction\":[{\"@type\":\"SearchAction\",\"target\":{\"@type\":\"EntryPoint\",\"urlTemplate\":\"https:\/\/www.parasitefree.pet\/de\/?s={search_term_string}\"},\"query-input\":{\"@type\":\"PropertyValueSpecification\",\"valueRequired\":true,\"valueName\":\"search_term_string\"}}],\"inLanguage\":\"de\"},{\"@type\":\"Organization\",\"@id\":\"https:\/\/www.parasitefree.pet\/de\/#organization\",\"name\":\"parasitefree.pet\",\"url\":\"https:\/\/www.parasitefree.pet\/de\/\",\"logo\":{\"@type\":\"ImageObject\",\"inLanguage\":\"de\",\"@id\":\"https:\/\/www.parasitefree.pet\/de\/#\/schema\/logo\/image\/\",\"url\":\"https:\/\/www.parasitefree.pet\/wp-content\/uploads\/2024\/12\/favicon.png\",\"contentUrl\":\"https:\/\/www.parasitefree.pet\/wp-content\/uploads\/2024\/12\/favicon.png\",\"width\":512,\"height\":512,\"caption\":\"parasitefree.pet\"},\"image\":{\"@id\":\"https:\/\/www.parasitefree.pet\/de\/#\/schema\/logo\/image\/\"},\"sameAs\":[\"https:\/\/www.instagram.com\/livistogroup\/\",\"https:\/\/www.youtube.com\/c\/LIVISTOGROUP\",\"https:\/\/www.linkedin.com\/company\/livisto\/\"]}]}<\/script>\n<!-- \/ Yoast SEO plugin. -->","yoast_head_json":{"title":"Nutzungsbedingungen - parasitefree.pet","robots":{"index":"noindex","follow":"nofollow"},"og_locale":"de_DE","og_type":"article","og_title":"Nutzungsbedingungen - parasitefree.pet","og_description":"Alle Inhalte werden sorgf\u00e4ltig gepr\u00fcft und nach bestem Wissen und Gewissen zusammengestellt. Wir sind bestrebt, dieses Informationsangebot stetig zu erweitern und zu aktualisieren. Eine Garantie f\u00fcr die Vollst\u00e4ndigkeit, Richtigkeit und Aktualit\u00e4t k\u00f6nnen wir jedoch nicht \u00fcbernehmen. So k\u00f6nnen wir beispielsweise nicht f\u00fcr den Erfolg von Nutzpflanzenkulturen verantwortlich oder haftbar gemacht werden, da dieser auch von [&hellip;]","og_url":"https:\/\/www.parasitefree.pet\/de\/nutzungsbedingungen\/","og_site_name":"parasitefree.pet","article_modified_time":"2025-02-14T09:57:37+00:00","twitter_card":"summary_large_image","twitter_misc":{"Gesch\u00e4tzte Lesezeit":"3\u00a0Minuten"},"schema":{"@context":"https:\/\/schema.org","@graph":[{"@type":"WebPage","@id":"https:\/\/www.parasitefree.pet\/de\/nutzungsbedingungen\/","url":"https:\/\/www.parasitefree.pet\/de\/nutzungsbedingungen\/","name":"Nutzungsbedingungen - parasitefree.pet","isPartOf":{"@id":"https:\/\/www.parasitefree.pet\/de\/#website"},"datePublished":"2024-12-04T10:01:52+00:00","dateModified":"2025-02-14T09:57:37+00:00","breadcrumb":{"@id":"https:\/\/www.parasitefree.pet\/de\/nutzungsbedingungen\/#breadcrumb"},"inLanguage":"de","potentialAction":[{"@type":"ReadAction","target":["https:\/\/www.parasitefree.pet\/de\/nutzungsbedingungen\/"]}]},{"@type":"BreadcrumbList","@id":"https:\/\/www.parasitefree.pet\/de\/nutzungsbedingungen\/#breadcrumb","itemListElement":[{"@type":"ListItem","position":1,"name":"Portada","item":"https:\/\/www.parasitefree.pet\/de\/"},{"@type":"ListItem","position":2,"name":"Nutzungsbedingungen"}]},{"@type":"WebSite","@id":"https:\/\/www.parasitefree.pet\/de\/#website","url":"https:\/\/www.parasitefree.pet\/de\/","name":"parasitefree.pet","description":"Parasites are a serious threat to your dog","publisher":{"@id":"https:\/\/www.parasitefree.pet\/de\/#organization"},"potentialAction":[{"@type":"SearchAction","target":{"@type":"EntryPoint","urlTemplate":"https:\/\/www.parasitefree.pet\/de\/?s={search_term_string}"},"query-input":{"@type":"PropertyValueSpecification","valueRequired":true,"valueName":"search_term_string"}}],"inLanguage":"de"},{"@type":"Organization","@id":"https:\/\/www.parasitefree.pet\/de\/#organization","name":"parasitefree.pet","url":"https:\/\/www.parasitefree.pet\/de\/","logo":{"@type":"ImageObject","inLanguage":"de","@id":"https:\/\/www.parasitefree.pet\/de\/#\/schema\/logo\/image\/","url":"https:\/\/www.parasitefree.pet\/wp-content\/uploads\/2024\/12\/favicon.png","contentUrl":"https:\/\/www.parasitefree.pet\/wp-content\/uploads\/2024\/12\/favicon.png","width":512,"height":512,"caption":"parasitefree.pet"},"image":{"@id":"https:\/\/www.parasitefree.pet\/de\/#\/schema\/logo\/image\/"},"sameAs":["https:\/\/www.instagram.com\/livistogroup\/","https:\/\/www.youtube.com\/c\/LIVISTOGROUP","https:\/\/www.linkedin.com\/company\/livisto\/"]}]}},"_links":{"self":[{"href":"https:\/\/www.parasitefree.pet\/de\/wp-json\/wp\/v2\/pages\/673","targetHints":{"allow":["GET"]}}],"collection":[{"href":"https:\/\/www.parasitefree.pet\/de\/wp-json\/wp\/v2\/pages"}],"about":[{"href":"https:\/\/www.parasitefree.pet\/de\/wp-json\/wp\/v2\/types\/page"}],"author":[{"embeddable":true,"href":"https:\/\/www.parasitefree.pet\/de\/wp-json\/wp\/v2\/users\/1"}],"replies":[{"embeddable":true,"href":"https:\/\/www.parasitefree.pet\/de\/wp-json\/wp\/v2\/comments?post=673"}],"version-history":[{"count":1,"href":"https:\/\/www.parasitefree.pet\/de\/wp-json\/wp\/v2\/pages\/673\/revisions"}],"predecessor-version":[{"id":674,"href":"https:\/\/www.parasitefree.pet\/de\/wp-json\/wp\/v2\/pages\/673\/revisions\/674"}],"wp:attachment":[{"href":"https:\/\/www.parasitefree.pet\/de\/wp-json\/wp\/v2\/media?parent=673"}],"curies":[{"name":"wp","href":"https:\/\/api.w.org\/{rel}","templated":true}]}}