{"id":667,"date":"2024-12-04T11:02:09","date_gmt":"2024-12-04T10:02:09","guid":{"rendered":"https:\/\/www.parasitefree.pet\/cookie-policy\/"},"modified":"2025-03-12T09:12:03","modified_gmt":"2025-03-12T08:12:03","slug":"cookie-policy","status":"publish","type":"page","link":"https:\/\/www.parasitefree.pet\/de\/cookie-richtlinie\/","title":{"rendered":"Cookie-Richtlinie"},"content":{"rendered":"\n<h3 class=\"wp-block-heading\">Was sind Cookies?<\/h3>\n\n\n\n<p>Cookies sind kleine Dateien, die Datenmengen enthalten, die beim Besuch auf einer Website heruntergeladen und auf einem Ger\u00e4t installiert werden. Bei sp\u00e4teren Besuchen auf der Website werden die Cookies an die urspr\u00fcngliche Website oder an andere Websites, die diese Cookies erkennen, zur\u00fcckgeschickt. Cookies sind n\u00fctzlich, weil mit ihrer Hilfe Informationen \u00fcber die Anzahl der Besucher:innen, die Nutzungsgewohnheiten der Benutzer:innen und der Ger\u00e4te gespeichert und abgerufen werden k\u00f6nnen. Je nach den enthaltenen Informationen und der Art und Weise, wie die Benutzer:innen das Ger\u00e4t nutzen, k\u00f6nnen sie auch hilfreich sein, um Benutzer:innen wiederzuerkennen. Weitere Informationen \u00fcber Cookies finden Sie unter&nbsp;<a href=\"http:\/\/www.allaboutcookies.org\/\" target=\"_blank\" rel=\"noreferrer noopener\">www.allaboutcookies.org<\/a>.<\/p>\n\n\n\n<h3 class=\"wp-block-heading\">Welche Arten von Cookies werden auf dieser Website verwendet?<\/h3>\n\n\n\n<p>Die website parasitefree.com (die \u201eWebsite\u201c) verwendet folgende Arten von Cookies:<\/p>\n\n\n\n<ul class=\"wp-block-list\">\n<li>Auf Basis der Dauer\n<ul class=\"wp-block-list\">\n<li>Session-Cookies \u2013 diese Cookies bestehen nur w\u00e4hrend der Sitzung der Benutzer:in, die Website besucht. Schlie\u00dft Die Benutzer:in den Browser oder schaltet das Ger\u00e4t aus, verschwinden sie vom Ger\u00e4t. Wenn Benutzer:innen sich durch aktivierte Mechanismen identifiziert haben, verwenden wir Session-Cookies mit verschl\u00fcsselten Informationen, um sie von anderen Benutzer:innen zu unterscheiden.<\/li>\n\n\n\n<li>Permanente Cookies \u2013 diese Cookies bleiben auch nach dem Schlie\u00dfen des Browsers oder dem Ausschalten des Ger\u00e4ts auf dem Ger\u00e4t der Benutzer:in gespeichert. Sie werden jedes Mal aktiviert, wenn eine Benutzer:in die Website besucht, die den jeweiligen Cookie erstellt hat. Beim Besuch der Website wird der Benutzer:in eine eindeutige Kennung zugewiesen, die mit einem permanenten Cookie verkn\u00fcpft ist, das in den Browser der Benutzer:in heruntergeladen wird.<\/li>\n<\/ul>\n<\/li>\n\n\n\n<li>Auf Basis der Organisation, die die Cookies installiert\n<ul class=\"wp-block-list\">\n<li>Eigene Cookies \u2013 die durch diese Cookies gesammelten Informationen werden von LIVISTO verwaltet, um der Benutzer:in den angeforderten Dienst bereitzustellen.<\/li>\n\n\n\n<li>Cookies von Drittanbietern \u2013 die durch diese Cookies erhaltenen Informationen werden von Google, Inc. verwaltet.<\/li>\n<\/ul>\n<\/li>\n\n\n\n<li>Nach dem Zweck der Installation dieser Cookies\n<ul class=\"wp-block-list\">\n<li>Technische Cookies \u2013 diese Cookies erm\u00f6glichen den Benutzer:innen die Navigation durch die verschiedenen, auf der Website angebotenen Optionen und Dienste sowie deren Nutzung; dies sind z.&nbsp;B. Steuerung des Datenverkehrs und der Datenkommunikation, Identifizierung von Sitzungen, Anforderung von Informationen, Anzeige von Videos, Verwendung von Sicherheitselementen beim Browsing oder Speicherung, Weitergabe oder gemeinsame Nutzung von Inhalten.<\/li>\n\n\n\n<li>Analytische Cookies \u2013 diese Cookie erm\u00f6glichen es, die Anzahl der Besucher:innen zu erfassen und die Nutzung und die Aktivit\u00e4ten der Benutzer:innen zu messen und statistisch auszuwerten sowie Browsing-Profile zu erstellen, um Verbesserungen auf der Website vorzunehmen.<\/li>\n<\/ul>\n<\/li>\n<\/ul>\n\n\n\n<p>Im Folgenden finden Sie eine kurze Beschreibung der auf der Website verwendeten Cookies und ihrer Zwecke:<\/p>\n\n\n<p>[cookie_audit]<\/p>\n\n\n\n<p>Wie in der \u00dcberschrift der Homepage angegeben, gehen wir davon aus, dass Benutzer:innen die Installation und Verwendung der in diesem Abschnitt genannten Cookies akzeptieren, wenn sie die Website weiter nutzen. Wenn Benutzer:innen die Installation der genannten Cookies ablehnen oder die Einstellungen zur Annahme von Cookies deaktiviert haben, erkl\u00e4ren sie sich damit einverstanden, dass das Browsing in verschiedenen Bereichen der Website eingeschr\u00e4nkt sein kann. Ungeachtet des Vorgenannten hindert die fehlende Installation eines Cookies in keinem Fall an der Aus\u00fcbung der gesetzlich anerkannten Rechte gegen\u00fcber der Stiftung.<\/p>\n\n\n\n<h3 class=\"wp-block-heading\">Aktualisierungen der Cookie-Richtlinie<\/h3>\n\n\n\n<p>PARASITEFREE beh\u00e4lt sich das Recht vor, die vorliegende Cookie-Richtlinie zu \u00e4ndern, um gesetzliche Anforderungen zu erf\u00fcllen oder um sie an die Art der auf dieser Website verwendeten Cookies anzupassen, wobei die informierte Zustimmung der Benutzer:in eingeholt wird, sofern dies gesetzlich vorgeschrieben ist.<\/p>\n\n\n\n<h3 class=\"wp-block-heading\">Google Analytics<\/h3>\n\n\n\n<p>Diese Website nutzt Google Analytics, einen Internetanalysedienst, der von Google Inc. (\u201eGoogle\u201c) bereitgestellt wird. Google Analytics verwendet sog. \u201eCookies\u201c, Textdateien, die auf Ihrem Computer gespeichert werden und die eine Auswertung der Nutzung der Website durch die Benutzer:in erm\u00f6glichen. Die vom Cookie generierten Informationen \u00fcber Ihre Nutzung der Website (einschlie\u00dflich Ihrer IP-Adresse) wird an einen Server von Google in den USA \u00fcbertragen und dort gespeichert. Bei Aktivierung der IP-Anonymisierung k\u00fcrzt\/anonymisiert Google das letzte Oktett der IP-Adresse f\u00fcr Mitgliedstaaten der Europ\u00e4ischen Union sowie f\u00fcr andere Vertragsstaaten des Abkommens \u00fcber den Europ\u00e4ischen Wirtschaftsraum. Nur in Ausnahmef\u00e4llen wird die volle IP-Adresse an Server von Google in den USA \u00fcbertragen und dort gek\u00fcrzt. Im Auftrag des Websitebetreibers nutzt Google diese Informationen, um Ihre Nutzung der Website auszuwerten, um Berichte \u00fcber Websiteaktivit\u00e4ten f\u00fcr Websitebetreiber zusammenzustellen und um weitere mit der Website- und Internetnutzung verbundene Dienstleistungen zu erbringen. Google bringt Ihre IP-Adresse nicht mit anderen von Google gespeicherten Daten in Verbindung. Sie k\u00f6nnen die Verwendung von Cookies ablehnen, indem Sie die entsprechenden Einstellungen in Ihrem Browser vornehmen. Beachten Sie dabei jedoch, dass Sie in diesem Fall m\u00f6glicherweise nicht die volle Funktionalit\u00e4t dieser Website nutzen k\u00f6nnen. Dar\u00fcber hinaus k\u00f6nnen Sie die Erfassung und Nutzung der Daten (Cookies und IP-Adresse) durch Google verhindern, indem Sie das unter&nbsp;<a href=\"https:\/\/tools.google.com\/dlpage\/gaoptout?hl=en-GB\" target=\"_blank\" rel=\"noreferrer noopener\">https:\/\/tools.google.com\/dlpage\/gaoptout?hl=en-GB<\/a>&nbsp;verf\u00fcgbare Browser-Plugin herunterladen und installieren. Sie k\u00f6nnen die Verwendung von Google Analytics ablehnen, indem Sie auf den&nbsp;folgenden Link&nbsp;klicken. Es wird ein Opt-Out-Cookie auf Ihrem Computer gesetzt, das die zuk\u00fcnftige Erfassung Ihrer Daten beim Besuch dieser Website verhindert. Google Analytics deaktivieren. Weitere Informationen zu den Nutzungsbedingungen und zum Datenschutz finden Sie unter http:\/\/www.google.com\/analytics\/terms\/gb.html oder unter https:\/\/www.google.de\/intl\/en_uk\/policies\/. Beachten Sie bitte, dass auf dieser Website Google Analytics um den Code \u201eanonymizeIp\u201c erweitert wurde, um eine anonymisierte Erfassung von IP-Adressen (sog. IP-Masking) zu gew\u00e4hrleisten.ented by \u201canonymizeIp\u201d to ensure an anonymized collection of IP addresses (so called IP-masking).<\/p>\n","protected":false},"excerpt":{"rendered":"<p>Was sind Cookies? Cookies sind kleine Dateien, die Datenmengen enthalten, die beim Besuch auf einer Website heruntergeladen und auf einem Ger\u00e4t installiert werden. Bei sp\u00e4teren Besuchen auf der Website werden die Cookies an die urspr\u00fcngliche Website oder an andere Websites, die diese Cookies erkennen, zur\u00fcckgeschickt. Cookies sind n\u00fctzlich, weil mit ihrer Hilfe Informationen \u00fcber die [&hellip;]<\/p>\n","protected":false},"author":1,"featured_media":0,"parent":0,"menu_order":90,"comment_status":"closed","ping_status":"closed","template":"page-legal.php","meta":{"inline_featured_image":false,"footnotes":""},"class_list":["post-667","page","type-page","status-publish","hentry"],"acf":[],"yoast_head":"<!-- This site is optimized with the Yoast SEO plugin v24.5 - https:\/\/yoast.com\/wordpress\/plugins\/seo\/ -->\n<title>Cookie-Richtlinie - parasitefree.pet<\/title>\n<meta name=\"robots\" content=\"noindex, nofollow\" \/>\n<meta property=\"og:locale\" content=\"de_DE\" \/>\n<meta property=\"og:type\" content=\"article\" \/>\n<meta property=\"og:title\" content=\"Cookie-Richtlinie - parasitefree.pet\" \/>\n<meta property=\"og:description\" content=\"Was sind Cookies? Cookies sind kleine Dateien, die Datenmengen enthalten, die beim Besuch auf einer Website heruntergeladen und auf einem Ger\u00e4t installiert werden. Bei sp\u00e4teren Besuchen auf der Website werden die Cookies an die urspr\u00fcngliche Website oder an andere Websites, die diese Cookies erkennen, zur\u00fcckgeschickt. Cookies sind n\u00fctzlich, weil mit ihrer Hilfe Informationen \u00fcber die [&hellip;]\" \/>\n<meta property=\"og:url\" content=\"https:\/\/www.parasitefree.pet\/de\/cookie-richtlinie\/\" \/>\n<meta property=\"og:site_name\" content=\"parasitefree.pet\" \/>\n<meta property=\"article:modified_time\" content=\"2025-03-12T08:12:03+00:00\" \/>\n<meta name=\"twitter:card\" content=\"summary_large_image\" \/>\n<meta name=\"twitter:label1\" content=\"Gesch\u00e4tzte Lesezeit\" \/>\n\t<meta name=\"twitter:data1\" content=\"4\u00a0Minuten\" \/>\n<script type=\"application\/ld+json\" class=\"yoast-schema-graph\">{\"@context\":\"https:\/\/schema.org\",\"@graph\":[{\"@type\":\"WebPage\",\"@id\":\"https:\/\/www.parasitefree.pet\/de\/cookie-richtlinie\/\",\"url\":\"https:\/\/www.parasitefree.pet\/de\/cookie-richtlinie\/\",\"name\":\"Cookie-Richtlinie - parasitefree.pet\",\"isPartOf\":{\"@id\":\"https:\/\/www.parasitefree.pet\/de\/#website\"},\"datePublished\":\"2024-12-04T10:02:09+00:00\",\"dateModified\":\"2025-03-12T08:12:03+00:00\",\"breadcrumb\":{\"@id\":\"https:\/\/www.parasitefree.pet\/de\/cookie-richtlinie\/#breadcrumb\"},\"inLanguage\":\"de\",\"potentialAction\":[{\"@type\":\"ReadAction\",\"target\":[\"https:\/\/www.parasitefree.pet\/de\/cookie-richtlinie\/\"]}]},{\"@type\":\"BreadcrumbList\",\"@id\":\"https:\/\/www.parasitefree.pet\/de\/cookie-richtlinie\/#breadcrumb\",\"itemListElement\":[{\"@type\":\"ListItem\",\"position\":1,\"name\":\"Portada\",\"item\":\"https:\/\/www.parasitefree.pet\/de\/\"},{\"@type\":\"ListItem\",\"position\":2,\"name\":\"Cookie-Richtlinie\"}]},{\"@type\":\"WebSite\",\"@id\":\"https:\/\/www.parasitefree.pet\/de\/#website\",\"url\":\"https:\/\/www.parasitefree.pet\/de\/\",\"name\":\"parasitefree.pet\",\"description\":\"Parasites are a serious threat to your dog\",\"publisher\":{\"@id\":\"https:\/\/www.parasitefree.pet\/de\/#organization\"},\"potentialAction\":[{\"@type\":\"SearchAction\",\"target\":{\"@type\":\"EntryPoint\",\"urlTemplate\":\"https:\/\/www.parasitefree.pet\/de\/?s={search_term_string}\"},\"query-input\":{\"@type\":\"PropertyValueSpecification\",\"valueRequired\":true,\"valueName\":\"search_term_string\"}}],\"inLanguage\":\"de\"},{\"@type\":\"Organization\",\"@id\":\"https:\/\/www.parasitefree.pet\/de\/#organization\",\"name\":\"parasitefree.pet\",\"url\":\"https:\/\/www.parasitefree.pet\/de\/\",\"logo\":{\"@type\":\"ImageObject\",\"inLanguage\":\"de\",\"@id\":\"https:\/\/www.parasitefree.pet\/de\/#\/schema\/logo\/image\/\",\"url\":\"https:\/\/www.parasitefree.pet\/wp-content\/uploads\/2024\/12\/favicon.png\",\"contentUrl\":\"https:\/\/www.parasitefree.pet\/wp-content\/uploads\/2024\/12\/favicon.png\",\"width\":512,\"height\":512,\"caption\":\"parasitefree.pet\"},\"image\":{\"@id\":\"https:\/\/www.parasitefree.pet\/de\/#\/schema\/logo\/image\/\"},\"sameAs\":[\"https:\/\/www.instagram.com\/livistogroup\/\",\"https:\/\/www.youtube.com\/c\/LIVISTOGROUP\",\"https:\/\/www.linkedin.com\/company\/livisto\/\"]}]}<\/script>\n<!-- \/ Yoast SEO plugin. -->","yoast_head_json":{"title":"Cookie-Richtlinie - parasitefree.pet","robots":{"index":"noindex","follow":"nofollow"},"og_locale":"de_DE","og_type":"article","og_title":"Cookie-Richtlinie - parasitefree.pet","og_description":"Was sind Cookies? Cookies sind kleine Dateien, die Datenmengen enthalten, die beim Besuch auf einer Website heruntergeladen und auf einem Ger\u00e4t installiert werden. Bei sp\u00e4teren Besuchen auf der Website werden die Cookies an die urspr\u00fcngliche Website oder an andere Websites, die diese Cookies erkennen, zur\u00fcckgeschickt. Cookies sind n\u00fctzlich, weil mit ihrer Hilfe Informationen \u00fcber die [&hellip;]","og_url":"https:\/\/www.parasitefree.pet\/de\/cookie-richtlinie\/","og_site_name":"parasitefree.pet","article_modified_time":"2025-03-12T08:12:03+00:00","twitter_card":"summary_large_image","twitter_misc":{"Gesch\u00e4tzte Lesezeit":"4\u00a0Minuten"},"schema":{"@context":"https:\/\/schema.org","@graph":[{"@type":"WebPage","@id":"https:\/\/www.parasitefree.pet\/de\/cookie-richtlinie\/","url":"https:\/\/www.parasitefree.pet\/de\/cookie-richtlinie\/","name":"Cookie-Richtlinie - parasitefree.pet","isPartOf":{"@id":"https:\/\/www.parasitefree.pet\/de\/#website"},"datePublished":"2024-12-04T10:02:09+00:00","dateModified":"2025-03-12T08:12:03+00:00","breadcrumb":{"@id":"https:\/\/www.parasitefree.pet\/de\/cookie-richtlinie\/#breadcrumb"},"inLanguage":"de","potentialAction":[{"@type":"ReadAction","target":["https:\/\/www.parasitefree.pet\/de\/cookie-richtlinie\/"]}]},{"@type":"BreadcrumbList","@id":"https:\/\/www.parasitefree.pet\/de\/cookie-richtlinie\/#breadcrumb","itemListElement":[{"@type":"ListItem","position":1,"name":"Portada","item":"https:\/\/www.parasitefree.pet\/de\/"},{"@type":"ListItem","position":2,"name":"Cookie-Richtlinie"}]},{"@type":"WebSite","@id":"https:\/\/www.parasitefree.pet\/de\/#website","url":"https:\/\/www.parasitefree.pet\/de\/","name":"parasitefree.pet","description":"Parasites are a serious threat to your dog","publisher":{"@id":"https:\/\/www.parasitefree.pet\/de\/#organization"},"potentialAction":[{"@type":"SearchAction","target":{"@type":"EntryPoint","urlTemplate":"https:\/\/www.parasitefree.pet\/de\/?s={search_term_string}"},"query-input":{"@type":"PropertyValueSpecification","valueRequired":true,"valueName":"search_term_string"}}],"inLanguage":"de"},{"@type":"Organization","@id":"https:\/\/www.parasitefree.pet\/de\/#organization","name":"parasitefree.pet","url":"https:\/\/www.parasitefree.pet\/de\/","logo":{"@type":"ImageObject","inLanguage":"de","@id":"https:\/\/www.parasitefree.pet\/de\/#\/schema\/logo\/image\/","url":"https:\/\/www.parasitefree.pet\/wp-content\/uploads\/2024\/12\/favicon.png","contentUrl":"https:\/\/www.parasitefree.pet\/wp-content\/uploads\/2024\/12\/favicon.png","width":512,"height":512,"caption":"parasitefree.pet"},"image":{"@id":"https:\/\/www.parasitefree.pet\/de\/#\/schema\/logo\/image\/"},"sameAs":["https:\/\/www.instagram.com\/livistogroup\/","https:\/\/www.youtube.com\/c\/LIVISTOGROUP","https:\/\/www.linkedin.com\/company\/livisto\/"]}]}},"_links":{"self":[{"href":"https:\/\/www.parasitefree.pet\/de\/wp-json\/wp\/v2\/pages\/667","targetHints":{"allow":["GET"]}}],"collection":[{"href":"https:\/\/www.parasitefree.pet\/de\/wp-json\/wp\/v2\/pages"}],"about":[{"href":"https:\/\/www.parasitefree.pet\/de\/wp-json\/wp\/v2\/types\/page"}],"author":[{"embeddable":true,"href":"https:\/\/www.parasitefree.pet\/de\/wp-json\/wp\/v2\/users\/1"}],"replies":[{"embeddable":true,"href":"https:\/\/www.parasitefree.pet\/de\/wp-json\/wp\/v2\/comments?post=667"}],"version-history":[{"count":2,"href":"https:\/\/www.parasitefree.pet\/de\/wp-json\/wp\/v2\/pages\/667\/revisions"}],"predecessor-version":[{"id":808,"href":"https:\/\/www.parasitefree.pet\/de\/wp-json\/wp\/v2\/pages\/667\/revisions\/808"}],"wp:attachment":[{"href":"https:\/\/www.parasitefree.pet\/de\/wp-json\/wp\/v2\/media?parent=667"}],"curies":[{"name":"wp","href":"https:\/\/api.w.org\/{rel}","templated":true}]}}